{"id":45,"date":"2025-05-01T16:02:43","date_gmt":"2025-05-01T13:02:43","guid":{"rendered":"https:\/\/aselteknikyapi.com.tr\/?page_id=45"},"modified":"2025-05-01T16:02:43","modified_gmt":"2025-05-01T13:02:43","slug":"iletisim","status":"publish","type":"page","link":"https:\/\/aselteknikyapi.com.tr\/index.php\/iletisim\/","title":{"rendered":"\u0130LET\u0130\u015e\u0130M"},"content":{"rendered":"<div class=\"wp-block-image\">\n<figure class=\"alignleft size-full\"><img loading=\"lazy\" decoding=\"async\" width=\"300\" height=\"352\" src=\"https:\/\/aselteknikyapi.com.tr\/wp-content\/uploads\/2025\/05\/aselteknikyapi-logo-1.jpg\" alt=\"\" class=\"wp-image-46\" srcset=\"https:\/\/aselteknikyapi.com.tr\/wp-content\/uploads\/2025\/05\/aselteknikyapi-logo-1.jpg 300w, https:\/\/aselteknikyapi.com.tr\/wp-content\/uploads\/2025\/05\/aselteknikyapi-logo-1-256x300.jpg 256w\" sizes=\"auto, (max-width: 300px) 100vw, 300px\" \/><\/figure>\n<\/div>\n\n\n<p>Adres : <\/p>\n\n\n\n<p>Merter Platform Suites B Blok <\/p>\n\n\n\n<p>No: 57  G\u00fcng\u00f6ren \/ ISTANBUL<\/p>\n\n\n\n<p>Tel     : 0212 502 99 99<\/p>\n\n\n\n<p>GSM  :  0 532 262 74 32<\/p>\n","protected":false},"excerpt":{"rendered":"<p>Adres : Merter Platform Suites B Blok No: 57 G\u00fcng\u00f6ren \/ ISTANBUL Tel : 0212 502 99 99 GSM : 0 532 262 74 32<\/p>\n","protected":false},"author":1,"featured_media":0,"parent":0,"menu_order":0,"comment_status":"closed","ping_status":"closed","template":"","meta":{"footnotes":""},"class_list":["post-45","page","type-page","status-publish","hentry"],"_links":{"self":[{"href":"https:\/\/aselteknikyapi.com.tr\/index.php\/wp-json\/wp\/v2\/pages\/45","targetHints":{"allow":["GET"]}}],"collection":[{"href":"https:\/\/aselteknikyapi.com.tr\/index.php\/wp-json\/wp\/v2\/pages"}],"about":[{"href":"https:\/\/aselteknikyapi.com.tr\/index.php\/wp-json\/wp\/v2\/types\/page"}],"author":[{"embeddable":true,"href":"https:\/\/aselteknikyapi.com.tr\/index.php\/wp-json\/wp\/v2\/users\/1"}],"replies":[{"embeddable":true,"href":"https:\/\/aselteknikyapi.com.tr\/index.php\/wp-json\/wp\/v2\/comments?post=45"}],"version-history":[{"count":1,"href":"https:\/\/aselteknikyapi.com.tr\/index.php\/wp-json\/wp\/v2\/pages\/45\/revisions"}],"predecessor-version":[{"id":48,"href":"https:\/\/aselteknikyapi.com.tr\/index.php\/wp-json\/wp\/v2\/pages\/45\/revisions\/48"}],"wp:attachment":[{"href":"https:\/\/aselteknikyapi.com.tr\/index.php\/wp-json\/wp\/v2\/media?parent=45"}],"curies":[{"name":"wp","href":"https:\/\/api.w.org\/{rel}","templated":true}]}}