{"id":36,"date":"2025-05-01T15:54:55","date_gmt":"2025-05-01T12:54:55","guid":{"rendered":"https:\/\/aselteknikyapi.com.tr\/?page_id=36"},"modified":"2025-05-01T15:54:56","modified_gmt":"2025-05-01T12:54:56","slug":"kentsel-donusum","status":"publish","type":"page","link":"https:\/\/aselteknikyapi.com.tr\/index.php\/kentsel-donusum\/","title":{"rendered":"KENTSEL D\u00d6N\u00dc\u015e\u00dcM"},"content":{"rendered":"\n<figure class=\"wp-block-image size-large\"><img loading=\"lazy\" decoding=\"async\" width=\"1024\" height=\"965\" src=\"https:\/\/aselteknikyapi.com.tr\/wp-content\/uploads\/2025\/05\/kentsel-donusum-1024x965.jpg\" alt=\"\" class=\"wp-image-37\" srcset=\"https:\/\/aselteknikyapi.com.tr\/wp-content\/uploads\/2025\/05\/kentsel-donusum-1024x965.jpg 1024w, https:\/\/aselteknikyapi.com.tr\/wp-content\/uploads\/2025\/05\/kentsel-donusum-300x283.jpg 300w, https:\/\/aselteknikyapi.com.tr\/wp-content\/uploads\/2025\/05\/kentsel-donusum-768x724.jpg 768w, https:\/\/aselteknikyapi.com.tr\/wp-content\/uploads\/2025\/05\/kentsel-donusum-1536x1448.jpg 1536w, https:\/\/aselteknikyapi.com.tr\/wp-content\/uploads\/2025\/05\/kentsel-donusum.jpg 1744w\" sizes=\"auto, (max-width: 1024px) 100vw, 1024px\" \/><\/figure>\n","protected":false},"excerpt":{"rendered":"","protected":false},"author":1,"featured_media":0,"parent":0,"menu_order":0,"comment_status":"closed","ping_status":"closed","template":"","meta":{"footnotes":""},"class_list":["post-36","page","type-page","status-publish","hentry"],"_links":{"self":[{"href":"https:\/\/aselteknikyapi.com.tr\/index.php\/wp-json\/wp\/v2\/pages\/36","targetHints":{"allow":["GET"]}}],"collection":[{"href":"https:\/\/aselteknikyapi.com.tr\/index.php\/wp-json\/wp\/v2\/pages"}],"about":[{"href":"https:\/\/aselteknikyapi.com.tr\/index.php\/wp-json\/wp\/v2\/types\/page"}],"author":[{"embeddable":true,"href":"https:\/\/aselteknikyapi.com.tr\/index.php\/wp-json\/wp\/v2\/users\/1"}],"replies":[{"embeddable":true,"href":"https:\/\/aselteknikyapi.com.tr\/index.php\/wp-json\/wp\/v2\/comments?post=36"}],"version-history":[{"count":1,"href":"https:\/\/aselteknikyapi.com.tr\/index.php\/wp-json\/wp\/v2\/pages\/36\/revisions"}],"predecessor-version":[{"id":39,"href":"https:\/\/aselteknikyapi.com.tr\/index.php\/wp-json\/wp\/v2\/pages\/36\/revisions\/39"}],"wp:attachment":[{"href":"https:\/\/aselteknikyapi.com.tr\/index.php\/wp-json\/wp\/v2\/media?parent=36"}],"curies":[{"name":"wp","href":"https:\/\/api.w.org\/{rel}","templated":true}]}}